{"id":1108,"date":"2024-10-09T12:40:40","date_gmt":"2024-10-09T12:40:40","guid":{"rendered":"https:\/\/hosmarble.com\/tr\/?page_id=1108"},"modified":"2025-01-08T20:25:24","modified_gmt":"2025-01-08T20:25:24","slug":"hakkimizda","status":"publish","type":"page","link":"https:\/\/hosmarble.com\/tr\/hakkimizda\/","title":{"rendered":"Hakk\u0131m\u0131zda"},"content":{"rendered":"\t\t<div data-elementor-type=\"wp-page\" data-elementor-id=\"1108\" class=\"elementor elementor-1108\" data-elementor-post-type=\"page\">\n\t\t\t\t<div class=\"elementor-element elementor-element-638a0a8 e-flex e-con-boxed e-con e-parent\" data-id=\"638a0a8\" data-element_type=\"container\" data-settings=\"{&quot;background_background&quot;:&quot;classic&quot;,&quot;shape_divider_top&quot;:&quot;mountains&quot;,&quot;ekit_has_onepagescroll_dot&quot;:&quot;yes&quot;}\">\n\t\t\t\t\t<div class=\"e-con-inner\">\n\t\t\t\t<div class=\"elementor-shape elementor-shape-top\" data-negative=\"false\">\n\t\t\t<svg xmlns=\"http:\/\/www.w3.org\/2000\/svg\" viewBox=\"0 0 1000 100\" preserveAspectRatio=\"none\">\n\t<path class=\"elementor-shape-fill\" opacity=\"0.33\" d=\"M473,67.3c-203.9,88.3-263.1-34-320.3,0C66,119.1,0,59.7,0,59.7V0h1000v59.7 c0,0-62.1,26.1-94.9,29.3c-32.8,3.3-62.8-12.3-75.8-22.1C806,49.6,745.3,8.7,694.9,4.7S492.4,59,473,67.3z\"\/>\n\t<path class=\"elementor-shape-fill\" opacity=\"0.66\" d=\"M734,67.3c-45.5,0-77.2-23.2-129.1-39.1c-28.6-8.7-150.3-10.1-254,39.1 s-91.7-34.4-149.2,0C115.7,118.3,0,39.8,0,39.8V0h1000v36.5c0,0-28.2-18.5-92.1-18.5C810.2,18.1,775.7,67.3,734,67.3z\"\/>\n\t<path class=\"elementor-shape-fill\" d=\"M766.1,28.9c-200-57.5-266,65.5-395.1,19.5C242,1.8,242,5.4,184.8,20.6C128,35.8,132.3,44.9,89.9,52.5C28.6,63.7,0,0,0,0 h1000c0,0-9.9,40.9-83.6,48.1S829.6,47,766.1,28.9z\"\/>\n<\/svg>\t\t<\/div>\n\t\t<div class=\"elementor-element elementor-element-ee6bd02 e-con-full e-flex e-con e-child\" data-id=\"ee6bd02\" data-element_type=\"container\" data-settings=\"{&quot;ekit_has_onepagescroll_dot&quot;:&quot;yes&quot;}\">\n\t\t\t\t<div class=\"elementor-element elementor-element-14b91d9 elementor-widget elementor-widget-text-editor\" data-id=\"14b91d9\" data-element_type=\"widget\" data-settings=\"{&quot;ekit_we_effect_on&quot;:&quot;none&quot;}\" data-widget_type=\"text-editor.default\">\n\t\t\t\t<div class=\"elementor-widget-container\">\n\t\t\t\t\t\t\t\t\t<p><strong>HEROES OF STONES <\/strong>2003 y\u0131l\u0131nda \u0130stanbul&#8217;da kurulan do\u011fal ta\u015f \u00fcreticisi, tedarik\u00e7isi, proje ve dan\u0131\u015fmanl\u0131k \u015firketidir.<\/p><p>Merkez ofis <strong>\u0130stanbul<\/strong> olmak \u00fczere; <strong>\u0130zmir<\/strong>, <strong>Denizli<\/strong>, <strong>Mu\u011fla<\/strong>, <strong>Afyonkarahisar<\/strong> ve <strong>Isparta<\/strong> illerinde yerel eksperlerimiz bulunmaktad\u0131r. <strong>Yirmi y\u0131l\u0131 a\u015fk\u0131n<\/strong> tecr\u00fcbesi ile do\u011fal ta\u015f\u0131n t\u00fcm s\u00fcre\u00e7lerini hakim olan \u015firketimiz, sekt\u00f6r\u00fcn hem tedarik hem de \u00fcretim k\u0131s\u0131mlar\u0131nda yer alarak, sundu\u011fu geni\u015f \u00e7al\u0131\u015fma alan\u0131yla uluslararas\u0131 alanda bilinirlik kazanm\u0131\u015ft\u0131r.<\/p><p><strong>Avrupa<\/strong>\u2019dan, <strong>Amerika<\/strong>\u2019ya, <strong>Asya<\/strong>\u2019dan <strong>Avusturalya<\/strong>&#8216;ya kadar ; mermerin talep g\u00f6rd\u00fc\u011f\u00fc t\u00fcm b\u00f6lgelerde aktif \u00e7al\u0131\u015fma alan\u0131m\u0131z bulunmaktad\u0131r. Amac\u0131m\u0131z her zaman <strong>en iyi \u00fcr\u00fcn\u00fc, en yar\u0131\u015f\u00e7\u0131 fiyatlarla g\u00fcven \u00e7er\u00e7evesinde<\/strong> m\u00fc\u015fteriye sunmakt\u0131r.<\/p>\t\t\t\t\t\t\t\t<\/div>\n\t\t\t\t<\/div>\n\t\t\t\t<\/div>\n\t\t<div class=\"elementor-element elementor-element-d17db3a e-con-full e-flex e-con e-child\" data-id=\"d17db3a\" data-element_type=\"container\" data-settings=\"{&quot;ekit_has_onepagescroll_dot&quot;:&quot;yes&quot;}\">\n\t\t\t\t<div class=\"elementor-element elementor-element-cc136af elementor-widget elementor-widget-image\" data-id=\"cc136af\" data-element_type=\"widget\" data-settings=\"{&quot;ekit_we_effect_on&quot;:&quot;none&quot;}\" data-widget_type=\"image.default\">\n\t\t\t\t<div class=\"elementor-widget-container\">\n\t\t\t\t\t\t\t\t\t\t\t\t\t\t\t<img fetchpriority=\"high\" decoding=\"async\" width=\"500\" height=\"250\" src=\"https:\/\/hosmarble.com\/tr\/wp-content\/uploads\/2024\/10\/Hos-Mermer-Logo-Removed.png\" class=\"attachment-full size-full wp-image-1530\" alt=\"\" srcset=\"https:\/\/hosmarble.com\/tr\/wp-content\/uploads\/2024\/10\/Hos-Mermer-Logo-Removed.png 500w, https:\/\/hosmarble.com\/tr\/wp-content\/uploads\/2024\/10\/Hos-Mermer-Logo-Removed-300x150.png 300w\" sizes=\"(max-width: 500px) 100vw, 500px\" \/>\t\t\t\t\t\t\t\t\t\t\t\t\t\t\t<\/div>\n\t\t\t\t<\/div>\n\t\t\t\t<\/div>\n\t\t\t\t\t<\/div>\n\t\t\t\t<\/div>\n\t\t\t\t<\/div>\n\t\t","protected":false},"excerpt":{"rendered":"<p>HEROES OF STONES 2003 y\u0131l\u0131nda \u0130stanbul&#8217;da kurulan do\u011fal ta\u015f \u00fcreticisi, tedarik\u00e7isi, proje ve dan\u0131\u015fmanl\u0131k \u015firketidir. Merkez ofis \u0130stanbul olmak \u00fczere; \u0130zmir, Denizli, Mu\u011fla, Afyonkarahisar ve Isparta illerinde yerel eksperlerimiz bulunmaktad\u0131r. Yirmi y\u0131l\u0131 a\u015fk\u0131n tecr\u00fcbesi ile do\u011fal ta\u015f\u0131n t\u00fcm s\u00fcre\u00e7lerini hakim olan \u015firketimiz, sekt\u00f6r\u00fcn hem tedarik hem de \u00fcretim k\u0131s\u0131mlar\u0131nda yer alarak, sundu\u011fu geni\u015f \u00e7al\u0131\u015fma alan\u0131yla [&hellip;]<\/p>\n","protected":false},"author":1,"featured_media":0,"parent":0,"menu_order":0,"comment_status":"closed","ping_status":"closed","template":"elementor_header_footer","meta":{"footnotes":""},"class_list":["post-1108","page","type-page","status-publish","hentry"],"_links":{"self":[{"href":"https:\/\/hosmarble.com\/tr\/wp-json\/wp\/v2\/pages\/1108","targetHints":{"allow":["GET"]}}],"collection":[{"href":"https:\/\/hosmarble.com\/tr\/wp-json\/wp\/v2\/pages"}],"about":[{"href":"https:\/\/hosmarble.com\/tr\/wp-json\/wp\/v2\/types\/page"}],"author":[{"embeddable":true,"href":"https:\/\/hosmarble.com\/tr\/wp-json\/wp\/v2\/users\/1"}],"replies":[{"embeddable":true,"href":"https:\/\/hosmarble.com\/tr\/wp-json\/wp\/v2\/comments?post=1108"}],"version-history":[{"count":11,"href":"https:\/\/hosmarble.com\/tr\/wp-json\/wp\/v2\/pages\/1108\/revisions"}],"predecessor-version":[{"id":1787,"href":"https:\/\/hosmarble.com\/tr\/wp-json\/wp\/v2\/pages\/1108\/revisions\/1787"}],"wp:attachment":[{"href":"https:\/\/hosmarble.com\/tr\/wp-json\/wp\/v2\/media?parent=1108"}],"curies":[{"name":"wp","href":"https:\/\/api.w.org\/{rel}","templated":true}]}}